{"id":8017,"date":"2015-10-20T11:22:50","date_gmt":"2015-10-20T09:22:50","guid":{"rendered":"http:\/\/specialtours\/den-haag\/?page_id=8017"},"modified":"2015-10-20T11:24:54","modified_gmt":"2015-10-20T09:24:54","slug":"dagarrangement-den-haag","status":"publish","type":"page","link":"https:\/\/www.specialtours.nl\/den-haag\/dagarrangement-den-haag\/","title":{"rendered":"Dagarrangement Den Haag"},"content":{"rendered":"<section class=\"vc_section_wrapper\"><div class=\"wpb_row  vc_custom_1445259005081 row-fluid \"style=\"margin-bottom: 0px ;\" ><div class=\"wpb_column vc_column_container vc_col-sm-12\"><div class=\"vc_column-inner vc_custom_1445240119891\"><div class=\"wpb_wrapper\">\n\t<div class=\"wpb_text_column wpb_content_element  vc_custom_1445333046119\" >\n\t\t<div class=\"wpb_wrapper\">\n\t\t\t<h3>Vind het ideale\u00a0arrangement\u00a0voor uw personeelsuitje, dagje uit, vrijgezellendag of familie uitje!<\/h3>\n\n\t\t<\/div>\n\t<\/div>\n\n\t<div class=\"wpb_text_column wpb_content_element  vc_custom_1445332820894\" >\n\t\t<div class=\"wpb_wrapper\">\n\t\t\t<p>Een bedrijfsuitje, personeelsfeest en teambuilding,\u00a0vrijgezellenfeest of familiedag organiseren ? U bent bij Specialtours aan het juiste adres want wij bieden heel veel leuke dagarrangementen aan in Den Haag.<\/p>\n\n\t\t<\/div>\n\t<\/div>\n<div class=\"vc_empty_space\"   style=\"height: 32px\"><span class=\"vc_empty_space_inner\"><\/span><\/div><\/div><\/div><\/div><\/div><\/section><section class=\"vc_section_wrapper\"><div class=\"wpb_row  row-fluid \" ><div class=\"wpb_column vc_column_container vc_col-sm-12\"><div class=\"vc_column-inner\"><div class=\"wpb_wrapper\">\n\t\n\t<div class=\"row-fluid portfolio-columns-3 posts-grid \" style=\"clear: both;\">\n\n\t\t\t\t\t<div class=\"portfolio-wrapper isotope no-transition\">\n\t\t\t\n\t\t\t\n\t\t\t\t<article id=\"post-7648\" class=\"portfolio-item isotope-item  post-7648 post type-post status-publish format-standard has-post-thumbnail hentry category-dagarrangementen category-spelprogrammas tag-homepagina\" style=\"\" data-style='{\"layout\": \"masonry\"}'>\n\n\t\t\t\t\t\t\t\t\t\t<header class=\"post-header\">\n\t\t\t\t\t\t\t\t\t\t\t\t\t<div class=\"featured-image\">\n\t\t\t\t\t\t\t\t<a href=\"https:\/\/www.specialtours.nl\/den-haag\/bedrijfsuitje\/dagarrangementen\/hou-van-holland-high-tea-vanaf-10-personen\/\" class=\"styled-image \" title=\"Permalink to Ik Hou van Holland Lunch\" rel=\"bookmark\" data-lightbox=\"group-324\"><img loading=\"lazy\" decoding=\"async\" width=\"371\" height=\"215\" src=\"https:\/\/www.specialtours.nl\/den-haag\/wp-content\/uploads\/2012\/01\/ihvh-holland-lunch.jpg\" class=\"attachment-portfolio-thumb-masonry size-portfolio-thumb-masonry wp-post-image\" alt=\"\" srcset=\"https:\/\/www.specialtours.nl\/den-haag\/wp-content\/uploads\/2012\/01\/ihvh-holland-lunch.jpg 371w, https:\/\/www.specialtours.nl\/den-haag\/wp-content\/uploads\/2012\/01\/ihvh-holland-lunch-300x174.jpg 300w\" sizes=\"auto, (max-width: 371px) 100vw, 371px\" \/><div class=\"inner-overlay\"><\/div><\/a>\n\t\t\t\t\t\t\t<\/div>\n\t\t\t\t\t\t\t\n\t\t\t\t\t<\/header>\n\n\t\t\t\t\t<h2 class=\"entry-title\">\t<a href=\"https:\/\/www.specialtours.nl\/den-haag\/bedrijfsuitje\/dagarrangementen\/hou-van-holland-high-tea-vanaf-10-personen\/\" title=\"Permalink to Ik Hou van Holland Lunch\" rel=\"bookmark\">Ik Hou van Holland Lunch<\/a><\/h2>\t\t\t\t\t<div class=\"entry-summary\">\n\t\t\t\t\t\t\n\t\t\t<div class=\"entry-content summary\">\n\t\t\t\t\t\t\t\t\t<p>De oer-Hollands groepslunch van dit moment! Welkom bij het Ik Hou van Holland lunchspel in Den Haag! Welk team gaat er vanmiddag met de winst vandoor?!<\/p>\n\t\t\t\t\t\t\t\t<\/div><!-- .entry-summary -->\n\t\t\t\t\t\t<footer class=\"entry-footer entry-meta\">\n\t\t\t\t\t\t\t\t\t<p class=\"readmore\"><a href=\"https:\/\/www.specialtours.nl\/den-haag\/bedrijfsuitje\/dagarrangementen\/hou-van-holland-high-tea-vanaf-10-personen\/\" class=\"btn small\">Lees verder<\/a><\/p>\n\t\t\t\t\t<div class=\"post-meta clearfix\"><div class=\"post-symbol\"><span class=\"entypo entypo-doc-text\"><\/span><\/div><span class=\"post-format-label\">Uitjes<span class=\"meta-sep\">&nbsp;<\/span><\/span><span class=\"author vcard author-meta\"><span class=\"meta-label\">By <\/span> &nbsp;<a class=\"url fn n\" href=\"https:\/\/www.specialtours.nl\/den-haag\/bedrijfsuitje\/author\/admin\/\" title=\"View all posts by admin\" rel=\"author\">admin<\/a><span class=\"meta-sep\">&nbsp;<\/span><\/span><\/div>\t\t\t<\/footer><!-- .entry-meta -->\n\t\t\t\t\t\t\t\t<\/div><!-- .entry-summary -->\n\n\t\t\t\t<\/article><!-- #post -->\n\n\t\t\t\t\n\t\t\t\t<article id=\"post-84\" class=\"portfolio-item isotope-item  post-84 post type-post status-publish format-standard has-post-thumbnail hentry category-dagarrangementen tag-homepagina\" style=\"\" data-style='{\"layout\": \"masonry\"}'>\n\n\t\t\t\t\t\t\t\t\t\t<header class=\"post-header\">\n\t\t\t\t\t\t\t\t\t\t\t\t\t<div class=\"featured-image\">\n\t\t\t\t\t\t\t\t<a href=\"https:\/\/www.specialtours.nl\/den-haag\/bedrijfsuitje\/dagarrangementen\/moord-in-het-pand-moordspel-den-haag\/\" class=\"styled-image \" title=\"Permalink to Moordlunch Den Haag\" rel=\"bookmark\" data-lightbox=\"group-324\"><img loading=\"lazy\" decoding=\"async\" width=\"371\" height=\"215\" src=\"https:\/\/www.specialtours.nl\/den-haag\/wp-content\/uploads\/2011\/11\/moord-in-het-pand.jpg\" class=\"attachment-portfolio-thumb-masonry size-portfolio-thumb-masonry wp-post-image\" alt=\"\" srcset=\"https:\/\/www.specialtours.nl\/den-haag\/wp-content\/uploads\/2011\/11\/moord-in-het-pand.jpg 371w, https:\/\/www.specialtours.nl\/den-haag\/wp-content\/uploads\/2011\/11\/moord-in-het-pand-300x174.jpg 300w\" sizes=\"auto, (max-width: 371px) 100vw, 371px\" \/><div class=\"inner-overlay\"><\/div><\/a>\n\t\t\t\t\t\t\t<\/div>\n\t\t\t\t\t\t\t\n\t\t\t\t\t<\/header>\n\n\t\t\t\t\t<h2 class=\"entry-title\">\t<a href=\"https:\/\/www.specialtours.nl\/den-haag\/bedrijfsuitje\/dagarrangementen\/moord-in-het-pand-moordspel-den-haag\/\" title=\"Permalink to Moordlunch Den Haag\" rel=\"bookmark\">Moordlunch Den Haag<\/a><\/h2>\t\t\t\t\t<div class=\"entry-summary\">\n\t\t\t\t\t\t\n\t\t\t<div class=\"entry-content summary\">\n\t\t\t\t\t\t\t\t\t<p>Een unieke groepslunch in Den Haag organiseren? Boek dan onze moordlunch in Den Haag! Een hilarisch moordspel tijdens een overheerlijke lunch in een gezellig restaurant!<\/p>\n\t\t\t\t\t\t\t\t<\/div><!-- .entry-summary -->\n\t\t\t\t\t\t<footer class=\"entry-footer entry-meta\">\n\t\t\t\t\t\t\t\t\t<p class=\"readmore\"><a href=\"https:\/\/www.specialtours.nl\/den-haag\/bedrijfsuitje\/dagarrangementen\/moord-in-het-pand-moordspel-den-haag\/\" class=\"btn small\">Lees verder<\/a><\/p>\n\t\t\t\t\t<div class=\"post-meta clearfix\"><div class=\"post-symbol\"><span class=\"entypo entypo-doc-text\"><\/span><\/div><span class=\"post-format-label\">Uitjes<span class=\"meta-sep\">&nbsp;<\/span><\/span><span class=\"author vcard author-meta\"><span class=\"meta-label\">By <\/span> &nbsp;<a class=\"url fn n\" href=\"https:\/\/www.specialtours.nl\/den-haag\/bedrijfsuitje\/author\/admin\/\" title=\"View all posts by admin\" rel=\"author\">admin<\/a><span class=\"meta-sep\">&nbsp;<\/span><\/span><\/div>\t\t\t<\/footer><!-- .entry-meta -->\n\t\t\t\t\t\t\t\t<\/div><!-- .entry-summary -->\n\n\t\t\t\t<\/article><!-- #post -->\n\n\t\t\t\t\n\t\t\t\t<article id=\"post-87\" class=\"portfolio-item isotope-item  post-87 post type-post status-publish format-standard has-post-thumbnail hentry category-dagarrangementen tag-homepagina\" style=\"\" data-style='{\"layout\": \"masonry\"}'>\n\n\t\t\t\t\t\t\t\t\t\t<header class=\"post-header\">\n\t\t\t\t\t\t\t\t\t\t\t\t\t<div class=\"featured-image\">\n\t\t\t\t\t\t\t\t<a href=\"https:\/\/www.specialtours.nl\/den-haag\/bedrijfsuitje\/dagarrangementen\/accordeonist-den-haag-smartlappen-workshop\/\" class=\"styled-image \" title=\"Permalink to Haagse Smartlappen Tocht\" rel=\"bookmark\" data-lightbox=\"group-324\"><img loading=\"lazy\" decoding=\"async\" width=\"371\" height=\"215\" src=\"https:\/\/www.specialtours.nl\/den-haag\/wp-content\/uploads\/2010\/11\/smartlappen-tour-den-haag.jpg\" class=\"attachment-portfolio-thumb-masonry size-portfolio-thumb-masonry wp-post-image\" alt=\"\" srcset=\"https:\/\/www.specialtours.nl\/den-haag\/wp-content\/uploads\/2010\/11\/smartlappen-tour-den-haag.jpg 371w, https:\/\/www.specialtours.nl\/den-haag\/wp-content\/uploads\/2010\/11\/smartlappen-tour-den-haag-300x174.jpg 300w\" sizes=\"auto, (max-width: 371px) 100vw, 371px\" \/><div class=\"inner-overlay\"><\/div><\/a>\n\t\t\t\t\t\t\t<\/div>\n\t\t\t\t\t\t\t\n\t\t\t\t\t<\/header>\n\n\t\t\t\t\t<h2 class=\"entry-title\">\t<a href=\"https:\/\/www.specialtours.nl\/den-haag\/bedrijfsuitje\/dagarrangementen\/accordeonist-den-haag-smartlappen-workshop\/\" title=\"Permalink to Haagse Smartlappen Tocht\" rel=\"bookmark\">Haagse Smartlappen Tocht<\/a><\/h2>\t\t\t\t\t<div class=\"entry-summary\">\n\t\t\t\t\t\t\n\t\t\t<div class=\"entry-content summary\">\n\t\t\t\t\t\t\t\t\t<p>Het smartlappen arrangement in Den Haag! Maak een leuke stadswandeling onder leiding van onze gidsen en sluit af met onze bekende smartlappen workshop in Den Haag.<\/p>\n\t\t\t\t\t\t\t\t<\/div><!-- .entry-summary -->\n\t\t\t\t\t\t<footer class=\"entry-footer entry-meta\">\n\t\t\t\t\t\t\t\t\t<p class=\"readmore\"><a href=\"https:\/\/www.specialtours.nl\/den-haag\/bedrijfsuitje\/dagarrangementen\/accordeonist-den-haag-smartlappen-workshop\/\" class=\"btn small\">Lees verder<\/a><\/p>\n\t\t\t\t\t<div class=\"post-meta clearfix\"><div class=\"post-symbol\"><span class=\"entypo entypo-doc-text\"><\/span><\/div><span class=\"post-format-label\">Uitjes<span class=\"meta-sep\">&nbsp;<\/span><\/span><span class=\"author vcard author-meta\"><span class=\"meta-label\">By <\/span> &nbsp;<a class=\"url fn n\" href=\"https:\/\/www.specialtours.nl\/den-haag\/bedrijfsuitje\/author\/admin\/\" title=\"View all posts by admin\" rel=\"author\">admin<\/a><span class=\"meta-sep\">&nbsp;<\/span><\/span><\/div>\t\t\t<\/footer><!-- .entry-meta -->\n\t\t\t\t\t\t\t\t<\/div><!-- .entry-summary -->\n\n\t\t\t\t<\/article><!-- #post -->\n\n\t\t\t\t\n\t\t\t\t<article id=\"post-81\" class=\"portfolio-item isotope-item  post-81 post type-post status-publish format-standard has-post-thumbnail hentry category-dagarrangementen category-stadswandeling tag-homepagina\" style=\"\" data-style='{\"layout\": \"masonry\"}'>\n\n\t\t\t\t\t\t\t\t\t\t<header class=\"post-header\">\n\t\t\t\t\t\t\t\t\t\t\t\t\t<div class=\"featured-image\">\n\t\t\t\t\t\t\t\t<a href=\"https:\/\/www.specialtours.nl\/den-haag\/bedrijfsuitje\/dagarrangementen\/high-tea-den-haag-arrangement\/\" class=\"styled-image \" title=\"Permalink to High Tea Arrangement\" rel=\"bookmark\" data-lightbox=\"group-324\"><img loading=\"lazy\" decoding=\"async\" width=\"371\" height=\"215\" src=\"https:\/\/www.specialtours.nl\/den-haag\/wp-content\/uploads\/2010\/11\/high-tea-den-haag.jpg\" class=\"attachment-portfolio-thumb-masonry size-portfolio-thumb-masonry wp-post-image\" alt=\"\" srcset=\"https:\/\/www.specialtours.nl\/den-haag\/wp-content\/uploads\/2010\/11\/high-tea-den-haag.jpg 371w, https:\/\/www.specialtours.nl\/den-haag\/wp-content\/uploads\/2010\/11\/high-tea-den-haag-300x174.jpg 300w\" sizes=\"auto, (max-width: 371px) 100vw, 371px\" \/><div class=\"inner-overlay\"><\/div><\/a>\n\t\t\t\t\t\t\t<\/div>\n\t\t\t\t\t\t\t\n\t\t\t\t\t<\/header>\n\n\t\t\t\t\t<h2 class=\"entry-title\">\t<a href=\"https:\/\/www.specialtours.nl\/den-haag\/bedrijfsuitje\/dagarrangementen\/high-tea-den-haag-arrangement\/\" title=\"Permalink to High Tea Arrangement\" rel=\"bookmark\">High Tea Arrangement<\/a><\/h2>\t\t\t\t\t<div class=\"entry-summary\">\n\t\t\t\t\t\t\n\t\t\t<div class=\"entry-content summary\">\n\t\t\t\t\t\t\t\t\t<p>Het high tea arrangement bestaat uit een stadstour en een lekkere high tea toe. Een lekker verwen arrangement, voor een gezellig dagje uit met elkaar! Een ontspannen groepsarrangement. <\/p>\n\t\t\t\t\t\t\t\t<\/div><!-- .entry-summary -->\n\t\t\t\t\t\t<footer class=\"entry-footer entry-meta\">\n\t\t\t\t\t\t\t\t\t<p class=\"readmore\"><a href=\"https:\/\/www.specialtours.nl\/den-haag\/bedrijfsuitje\/dagarrangementen\/high-tea-den-haag-arrangement\/\" class=\"btn small\">Lees verder<\/a><\/p>\n\t\t\t\t\t<div class=\"post-meta clearfix\"><div class=\"post-symbol\"><span class=\"entypo entypo-doc-text\"><\/span><\/div><span class=\"post-format-label\">Uitjes<span class=\"meta-sep\">&nbsp;<\/span><\/span><span class=\"author vcard author-meta\"><span class=\"meta-label\">By <\/span> &nbsp;<a class=\"url fn n\" href=\"https:\/\/www.specialtours.nl\/den-haag\/bedrijfsuitje\/author\/admin\/\" title=\"View all posts by admin\" rel=\"author\">admin<\/a><span class=\"meta-sep\">&nbsp;<\/span><\/span><\/div>\t\t\t<\/footer><!-- .entry-meta -->\n\t\t\t\t\t\t\t\t<\/div><!-- .entry-summary -->\n\n\t\t\t\t<\/article><!-- #post -->\n\n\t\t\t\t\n\t\t\t\t<article id=\"post-79\" class=\"portfolio-item isotope-item  post-79 post type-post status-publish format-standard has-post-thumbnail hentry category-dagarrangementen tag-homepagina\" style=\"\" data-style='{\"layout\": \"masonry\"}'>\n\n\t\t\t\t\t\t\t\t\t\t<header class=\"post-header\">\n\t\t\t\t\t\t\t\t\t\t\t\t\t<div class=\"featured-image\">\n\t\t\t\t\t\t\t\t<a href=\"https:\/\/www.specialtours.nl\/den-haag\/bedrijfsuitje\/dagarrangementen\/borrelen-bikken-brullen-bedrijfsuitje-den-haag\/\" class=\"styled-image \" title=\"Permalink to Borrelen, Bikken &#038; Brullen\" rel=\"bookmark\" data-lightbox=\"group-324\"><img loading=\"lazy\" decoding=\"async\" width=\"371\" height=\"215\" src=\"https:\/\/www.specialtours.nl\/den-haag\/wp-content\/uploads\/2010\/11\/borrelenden-haag.jpg\" class=\"attachment-portfolio-thumb-masonry size-portfolio-thumb-masonry wp-post-image\" alt=\"\" srcset=\"https:\/\/www.specialtours.nl\/den-haag\/wp-content\/uploads\/2010\/11\/borrelenden-haag.jpg 371w, https:\/\/www.specialtours.nl\/den-haag\/wp-content\/uploads\/2010\/11\/borrelenden-haag-300x174.jpg 300w\" sizes=\"auto, (max-width: 371px) 100vw, 371px\" \/><div class=\"inner-overlay\"><\/div><\/a>\n\t\t\t\t\t\t\t<\/div>\n\t\t\t\t\t\t\t\n\t\t\t\t\t<\/header>\n\n\t\t\t\t\t<h2 class=\"entry-title\">\t<a href=\"https:\/\/www.specialtours.nl\/den-haag\/bedrijfsuitje\/dagarrangementen\/borrelen-bikken-brullen-bedrijfsuitje-den-haag\/\" title=\"Permalink to Borrelen, Bikken &#038; Brullen\" rel=\"bookmark\">Borrelen, Bikken &#038; Brullen<\/a><\/h2>\t\t\t\t\t<div class=\"entry-summary\">\n\t\t\t\t\t\t\n\t\t\t<div class=\"entry-content summary\">\n\t\t\t\t\t\t\t\t\t<p>Het complete arrangement voor groepen in Den Haag. Een combinatie van een spelprogramma, borrel, lekker 3 gangen diner en een professionele comedy dinnershow.<\/p>\n\t\t\t\t\t\t\t\t<\/div><!-- .entry-summary -->\n\t\t\t\t\t\t<footer class=\"entry-footer entry-meta\">\n\t\t\t\t\t\t\t\t\t<p class=\"readmore\"><a href=\"https:\/\/www.specialtours.nl\/den-haag\/bedrijfsuitje\/dagarrangementen\/borrelen-bikken-brullen-bedrijfsuitje-den-haag\/\" class=\"btn small\">Lees verder<\/a><\/p>\n\t\t\t\t\t<div class=\"post-meta clearfix\"><div class=\"post-symbol\"><span class=\"entypo entypo-doc-text\"><\/span><\/div><span class=\"post-format-label\">Uitjes<span class=\"meta-sep\">&nbsp;<\/span><\/span><span class=\"author vcard author-meta\"><span class=\"meta-label\">By <\/span> &nbsp;<a class=\"url fn n\" href=\"https:\/\/www.specialtours.nl\/den-haag\/bedrijfsuitje\/author\/admin\/\" title=\"View all posts by admin\" rel=\"author\">admin<\/a><span class=\"meta-sep\">&nbsp;<\/span><\/span><\/div>\t\t\t<\/footer><!-- .entry-meta -->\n\t\t\t\t\t\t\t\t<\/div><!-- .entry-summary -->\n\n\t\t\t\t<\/article><!-- #post -->\n\n\t\t\t\t<\/div><!-- .portfolio-wrapper .isotope -->\n\t<\/div><!-- .row-fluid -->\n\n\t<\/div><\/div><\/div><\/div><\/section><section class=\"vc_section_wrapper\"><div class=\"wpb_row  row-fluid \" ><div class=\"wpb_column vc_column_container vc_col-sm-12\"><div class=\"vc_column-inner\"><div class=\"wpb_wrapper\">\n\t<div class=\"wpb_text_column wpb_content_element  vc_custom_1445333089131\" >\n\t\t<div class=\"wpb_wrapper\">\n\t\t\t<h3>Maatwerk? Wij leveren uw uitje in Den Haag geheel op maat!<\/h3>\n\n\t\t<\/div>\n\t<\/div>\n\n\t<div class=\"wpb_text_column wpb_content_element \" >\n\t\t<div class=\"wpb_wrapper\">\n\t\t\t<p>Van muzikale tochten gecombineerd met een heerlijke lunch of High Tea tijdens onze Haagse Smartlappentour of het mysterieuze Moord in het Pand waarbij u als detectives moet zien te achterhalen wie, waarom en waarmee de moord is gepleegd, ook dit wordt vaak gecombineerd met een lunch of High Tea.\u00a0 Wilt u juist lekker actief bezig zijn denk dan eens aan een speurtocht door de stad of een leuke fietstour met gids. Ook ons Wie is de Rat spelprogramma is een veel geboekt uitje wegens de spanning, leuke afwisselende onderdelen en teambuilding. Natuurlijk kunnen wij u helpen bij het combineren van de verschillende onderdelen om zo tot een perfecte daginvulling te komen die aansluit bij uw wensen en die van uw gezelschap.<\/p>\n\n\t\t<\/div>\n\t<\/div>\n<\/div><\/div><\/div><\/div><\/section>\n","protected":false},"excerpt":{"rendered":"Borrelen, Bikken en Brullen\u00a0Den Haag \"Compleet arrangement met de ingredi\u00ebnten lachen, gieren en brullen\" Borrelen, Bikken &amp; Brullen Overall rating: &#9734;&#9734;&#9734;&#9734;&#9734; 0 based on 0 reviews. 5 1 Anonymous Borrelen, Bikken en Brullen Den Haag?\u00a0Welkom bij ons totaal arrangement! Een volledig programma inclusief eten, drinken en waar de kans op \u2018buikpuin van het lachen\u2019 groot is! Het programma zal bestaan uit: \u2013 Een komisch spelprogramma \u2013 Een borrel in \u00e9\u00e9n van de gezelligste caf\u00e9s van Den haag \u2013 Compleet 3 gangen Diner \u2013 De leukste stand-up comedy show van Nederland 14:00\u00a0Crazy 88 Den Haag Dit dagprogramma begint met een komisch spelprogramma waarin gekke opdrachten volbracht moeten worden. We starten dit spel in het centrum van Den Haag. De opdrachten zijn van te voren niet bekend; deze worden telefonisch doorgegeven en moeten allemaal gefilmd worden als bewijsmateriaal. Wie lukt het bijvoorbeeld geld te verdienen als straatmuzikant? Of wie maakt de langste menselijke wave?\u00a0 Dit spel is inclusief een consumptie en een leuke prijs voor de winnaars. 17:00 Borrel Na de nodige actie mag er even worden uitgeblazen. Dit doen we in \u00e9\u00e9n van de gezelligste caf\u00e9s van Den Haag. Tijdens deze borrel kunt u met een borreltje in de hand even lekker bijkomen en bijkletsen. 18:00 Drie gangen diner Na een uurtje borrelen is het tijd voor een heerlijk drie gangen diner, hier kunt u kiezen uit twee voor- en hoofdgerechten met een verrassingsdessert. 20:00-21:30 Comedy Show Als Grand Finale van deze avond manoeuvreren wij u naar de knusse zaal van [...]","protected":false},"author":1,"featured_media":0,"parent":0,"menu_order":0,"comment_status":"closed","ping_status":"closed","template":"","meta":{"footnotes":""},"class_list":["post-8017","page","type-page","status-publish","hentry"],"aioseo_notices":[],"_links":{"self":[{"href":"https:\/\/www.specialtours.nl\/den-haag\/wp-json\/wp\/v2\/pages\/8017","targetHints":{"allow":["GET"]}}],"collection":[{"href":"https:\/\/www.specialtours.nl\/den-haag\/wp-json\/wp\/v2\/pages"}],"about":[{"href":"https:\/\/www.specialtours.nl\/den-haag\/wp-json\/wp\/v2\/types\/page"}],"author":[{"embeddable":true,"href":"https:\/\/www.specialtours.nl\/den-haag\/wp-json\/wp\/v2\/users\/1"}],"replies":[{"embeddable":true,"href":"https:\/\/www.specialtours.nl\/den-haag\/wp-json\/wp\/v2\/comments?post=8017"}],"version-history":[{"count":4,"href":"https:\/\/www.specialtours.nl\/den-haag\/wp-json\/wp\/v2\/pages\/8017\/revisions"}],"predecessor-version":[{"id":8021,"href":"https:\/\/www.specialtours.nl\/den-haag\/wp-json\/wp\/v2\/pages\/8017\/revisions\/8021"}],"wp:attachment":[{"href":"https:\/\/www.specialtours.nl\/den-haag\/wp-json\/wp\/v2\/media?parent=8017"}],"curies":[{"name":"wp","href":"https:\/\/api.w.org\/{rel}","templated":true}]}}