{"id":7745,"date":"2015-10-20T15:55:29","date_gmt":"2015-10-20T13:55:29","guid":{"rendered":"http:\/\/specialtours\/den-bosch\/?page_id=7745"},"modified":"2015-10-20T15:55:29","modified_gmt":"2015-10-20T13:55:29","slug":"dagarrangement-den-bosch","status":"publish","type":"page","link":"https:\/\/www.specialtours.nl\/den-bosch\/dagarrangement-den-bosch\/","title":{"rendered":"Dagarrangement Den Bosch"},"content":{"rendered":"<section class=\"vc_section_wrapper\"><div class=\"wpb_row  vc_custom_1445259005081 row-fluid \"style=\"margin-bottom: 0px ;\" ><div class=\"wpb_column vc_column_container vc_col-sm-12\"><div class=\"vc_column-inner vc_custom_1445240119891\"><div class=\"wpb_wrapper\">\n\t<div class=\"wpb_text_column wpb_content_element  vc_custom_1445349209139\" >\n\t\t<div class=\"wpb_wrapper\">\n\t\t\t<h3>De leukste groepsactiviteiten voor een dagje uit in Den Bosch!<\/h3>\n\n\t\t<\/div>\n\t<\/div>\n\n\t<div class=\"wpb_text_column wpb_content_element  vc_custom_1445349238303\" >\n\t\t<div class=\"wpb_wrapper\">\n\t\t\t<p>Heeft u een dagje Den Bosch gepland met vrienden, familie of collega\u2019s? Wordt het sportief, cultureel, culinair. Gaat u fietsen, varen, dineren of teambuilden? Wat een keuzes allemaal! Wij bieden een verscheidenheid aan leuke groepsactiviteiten en kunnen u bij staan bij de organisatie van een complete daginvulling.<\/p>\n\n\t\t<\/div>\n\t<\/div>\n<div class=\"vc_empty_space\"   style=\"height: 32px\"><span class=\"vc_empty_space_inner\"><\/span><\/div><\/div><\/div><\/div><\/div><\/section><section class=\"vc_section_wrapper\"><div class=\"wpb_row  row-fluid \" ><div class=\"wpb_column vc_column_container vc_col-sm-12\"><div class=\"vc_column-inner\"><div class=\"wpb_wrapper\">\n\t\n\t<div class=\"row-fluid portfolio-columns-3 posts-grid \" style=\"clear: both;\">\n\n\t\t\t\t\t<div class=\"portfolio-wrapper isotope no-transition\">\n\t\t\t\n\t\t\t\n\t\t\t\t<article id=\"post-81\" class=\"portfolio-item isotope-item  post-81 post type-post status-publish format-standard has-post-thumbnail hentry category-dagarrangement tag-homepagina\" style=\"\" data-style='{\"layout\": \"masonry\"}'>\n\n\t\t\t\t\t\t\t\t\t\t<header class=\"post-header\">\n\t\t\t\t\t\t\t\t\t\t\t\t\t<div class=\"featured-image\">\n\t\t\t\t\t\t\t\t<a href=\"https:\/\/www.specialtours.nl\/den-bosch\/dagarrangement\/moordlunch-den-bosch-vanaf-12-personen\/\" class=\"styled-image \" title=\"Permalink to Moordlunch Den Bosch\" rel=\"bookmark\" data-lightbox=\"group-695\"><img loading=\"lazy\" decoding=\"async\" width=\"371\" height=\"215\" src=\"https:\/\/www.specialtours.nl\/den-bosch\/wp-content\/uploads\/2007\/08\/moordlunch-den-bosch.jpg\" class=\"attachment-portfolio-thumb-masonry size-portfolio-thumb-masonry wp-post-image\" alt=\"\" srcset=\"https:\/\/www.specialtours.nl\/den-bosch\/wp-content\/uploads\/2007\/08\/moordlunch-den-bosch.jpg 371w, https:\/\/www.specialtours.nl\/den-bosch\/wp-content\/uploads\/2007\/08\/moordlunch-den-bosch-300x174.jpg 300w\" sizes=\"auto, (max-width: 371px) 100vw, 371px\" \/><div class=\"inner-overlay\"><\/div><\/a>\n\t\t\t\t\t\t\t<\/div>\n\t\t\t\t\t\t\t\n\t\t\t\t\t<\/header>\n\n\t\t\t\t\t<h2 class=\"entry-title\">\t<a href=\"https:\/\/www.specialtours.nl\/den-bosch\/dagarrangement\/moordlunch-den-bosch-vanaf-12-personen\/\" title=\"Permalink to Moordlunch Den Bosch\" rel=\"bookmark\">Moordlunch Den Bosch<\/a><\/h2>\t\t\t\t\t<div class=\"entry-summary\">\n\t\t\t\t\t\t\n\t\t\t<div class=\"entry-content summary\">\n\t\t\t\t\t\t\t\t\t<p>Op zoek naar een originele groepslunch in Den Bosch? Bekijk hier onze moordlunch! Een actief en leuk middagprogramma in de leukste lunchroom van de stad!<\/p>\n\t\t\t\t\t\t\t\t<\/div><!-- .entry-summary -->\n\t\t\t\t\t\t<footer class=\"entry-footer entry-meta\">\n\t\t\t\t\t\t\t\t\t<p class=\"readmore\"><a href=\"https:\/\/www.specialtours.nl\/den-bosch\/dagarrangement\/moordlunch-den-bosch-vanaf-12-personen\/\" class=\"btn small\">Lees verder<\/a><\/p>\n\t\t\t\t\t<div class=\"post-meta clearfix\"><div class=\"post-symbol\"><span class=\"entypo entypo-doc-text\"><\/span><\/div><span class=\"post-format-label\">Uitjes<span class=\"meta-sep\">&nbsp;<\/span><\/span><span class=\"author vcard author-meta\"><span class=\"meta-label\">By <\/span> &nbsp;<a class=\"url fn n\" href=\"https:\/\/www.specialtours.nl\/den-bosch\/author\/admin\/\" title=\"View all posts by admin\" rel=\"author\">admin<\/a><span class=\"meta-sep\">&nbsp;<\/span><\/span><\/div>\t\t\t<\/footer><!-- .entry-meta -->\n\t\t\t\t\t\t\t\t<\/div><!-- .entry-summary -->\n\n\t\t\t\t<\/article><!-- #post -->\n\n\t\t\t\t<\/div><!-- .portfolio-wrapper .isotope -->\n\t<\/div><!-- .row-fluid -->\n\n\t<\/div><\/div><\/div><\/div><\/section><section class=\"vc_section_wrapper\"><div class=\"wpb_row  row-fluid \" ><div class=\"wpb_column vc_column_container vc_col-sm-12\"><div class=\"vc_column-inner\"><div class=\"wpb_wrapper\">\n\t<div class=\"wpb_text_column wpb_content_element  vc_custom_1445349268248\" >\n\t\t<div class=\"wpb_wrapper\">\n\t\t\t<h3>Stel zelf uw eigen arrangement samen met onze leuke activiteiten in Den Bosch<\/h3>\n\n\t\t<\/div>\n\t<\/div>\n\n\t<div class=\"wpb_text_column wpb_content_element \" >\n\t\t<div class=\"wpb_wrapper\">\n\t\t\t<p>Ook wanneer u slechts een los onderdeel wil afnemen behoort dit tot de mogelijkheden. Ook workshops of spannende citygames hebben wij in ons assortiment. Laat u inspireren door de verschillende activiteiten of laat u informeren bij een van onze medewerkers. U kunt eventueel ook een vrijbijvende offerte aanvragen. Wij zullen er sowieso een top dag van maken!<\/p>\n\n\t\t<\/div>\n\t<\/div>\n<\/div><\/div><\/div><\/div><\/section>\n","protected":false},"excerpt":{"rendered":"Moordlunch Den Bosch \"Los tijdens dit moordspel aan tafel een moord op in verschillende teams of figureer zelf als \u00e9\u00e9n van de verdachten!\" Moordlunch Den Bosch Overall rating: &#9734;&#9734;&#9734;&#9734;&#9734; 0 based on 0 reviews. 5 1 Anonymous Den Bosch staat bekend om haar gezelligheid, knusse restaurantjes, lekker eten\u00a0en vriendelijke mensen. Vanmiddag staat ons Brabantse stadje geheel op zijn kop tijdens onze Moordlunch Den Bosch! In onze Bossche bourgondische lunchroom in hartje centrum wordt u hartelijk ontvangen door het personeel. Zij delen de menukaarten uit en schenken u alvast wat te drinken in. Aan de gezelligheid wordt abrupt een einde gemaakt als ons politieteam komt binnenvallen. Er is vandaag een moord gepleegd in het restaurant. De moordenaar heeft klaarblijkelijk geen tijd gehad om dit lijk te verbergen, want dit ligt er nog warmpjes bij! Uit uw groep worden een aantal verdachte personen aangehouden voor een kort verhoor in een ander gedeelte van het restaurant. Hier zullen zij worden ge\u00efnstrueerd en gestyled in \u00e9\u00e9n van de hilarische typetjes die iets met deze moord te maken hebben. De rest van de groep? Die zal er tijdens dit moordspel vanmiddag alles aan gaan doen om deze moord op te lossen! Onze moordlunch in Den Bosch is een komische teambuildingactiviteit in hartje centrum tijdens een lekkere bourgondische lunch. Gegarandeerd lachen en griezelen.. met een zachte G\u2026! Offerte Reserveer 42,50 p.p. (inclusief BTW) Vanaf 12 personen te boeken 2.5\u00a0uur Boek dit moordspel\u00a0op\u00a0uw gewenste dag en tijdstip! \u00a0 Inclusief professionele Specialtours begeleiding teambuilding tijdens de lunch spelmaterialen [...]","protected":false},"author":1,"featured_media":0,"parent":0,"menu_order":0,"comment_status":"closed","ping_status":"closed","template":"","meta":{"footnotes":""},"class_list":["post-7745","page","type-page","status-publish","hentry"],"aioseo_notices":[],"_links":{"self":[{"href":"https:\/\/www.specialtours.nl\/den-bosch\/wp-json\/wp\/v2\/pages\/7745","targetHints":{"allow":["GET"]}}],"collection":[{"href":"https:\/\/www.specialtours.nl\/den-bosch\/wp-json\/wp\/v2\/pages"}],"about":[{"href":"https:\/\/www.specialtours.nl\/den-bosch\/wp-json\/wp\/v2\/types\/page"}],"author":[{"embeddable":true,"href":"https:\/\/www.specialtours.nl\/den-bosch\/wp-json\/wp\/v2\/users\/1"}],"replies":[{"embeddable":true,"href":"https:\/\/www.specialtours.nl\/den-bosch\/wp-json\/wp\/v2\/comments?post=7745"}],"version-history":[{"count":1,"href":"https:\/\/www.specialtours.nl\/den-bosch\/wp-json\/wp\/v2\/pages\/7745\/revisions"}],"predecessor-version":[{"id":7746,"href":"https:\/\/www.specialtours.nl\/den-bosch\/wp-json\/wp\/v2\/pages\/7745\/revisions\/7746"}],"wp:attachment":[{"href":"https:\/\/www.specialtours.nl\/den-bosch\/wp-json\/wp\/v2\/media?parent=7745"}],"curies":[{"name":"wp","href":"https:\/\/api.w.org\/{rel}","templated":true}]}}