{"id":7742,"date":"2015-10-20T12:22:50","date_gmt":"2015-10-20T10:22:50","guid":{"rendered":"http:\/\/specialtours\/delft\/?page_id=7742"},"modified":"2015-10-20T12:27:26","modified_gmt":"2015-10-20T10:27:26","slug":"avondarrangement-delft","status":"publish","type":"page","link":"https:\/\/www.specialtours.nl\/delft\/avondarrangement-delft\/","title":{"rendered":"Avondarrangement Delft"},"content":{"rendered":"<section class=\"vc_section_wrapper\"><div class=\"wpb_row  vc_custom_1445336841493 row-fluid \"style=\"margin-top: 0px ;margin-bottom: 0px ;\" ><div class=\"wpb_column vc_column_container vc_col-sm-12\"><div class=\"vc_column-inner vc_custom_1445240119891\"><div class=\"wpb_wrapper\">\n\t<div class=\"wpb_text_column wpb_content_element  vc_custom_1445336440492\" >\n\t\t<div class=\"wpb_wrapper\">\n\t\t\t<h3>Op zoek naar de leukste groepsactiviteiten in de Delft? Bekijk onze leuke uitjes in\u00a0Delft!<\/h3>\n\n\t\t<\/div>\n\t<\/div>\n\n\t<div class=\"wpb_text_column wpb_content_element  vc_custom_1445336474122\" >\n\t\t<div class=\"wpb_wrapper\">\n\t\t\t<p>Beleef Delft in de avonduren met een van de leuke programma\u2019s van Specialtours. Stad van Delfts blauw, Oranje en Vermeer. Stad van prachtig bewaarde historie en cultuur. Maar ook stad van winkelen, uitgaan, romantisch overnachten, gezellige terrassen en Bourgondisch eten en drinken.<\/p>\n\n\t\t<\/div>\n\t<\/div>\n<div class=\"vc_empty_space\"   style=\"height: 32px\" ><span class=\"vc_empty_space_inner\"><\/span><\/div>\n<\/div><\/div><\/div><\/div><\/section><section class=\"vc_section_wrapper\"><div class=\"wpb_row  row-fluid \" ><div class=\"wpb_column vc_column_container vc_col-sm-12\"><div class=\"vc_column-inner\"><div class=\"wpb_wrapper\">\n\t\n\t<div class=\"row-fluid portfolio-columns-3 posts-grid \" style=\"clear: both;\">\n\n\t\t\t\t\t<div class=\"portfolio-wrapper isotope no-transition\">\n\t\t\t\n\t\t\t\n\t\t\t\t<article id=\"post-81\" class=\"portfolio-item isotope-item  post-81 post type-post status-publish format-standard has-post-thumbnail hentry category-avondprogramma tag-homepagina\" style=\"\" data-style='{\"layout\": \"masonry\"}'>\n\n\t\t\t\t\t\t\t\t\t\t<header class=\"post-header\">\n\t\t\t\t\t\t\t\t\t\t\t\t\t<div class=\"featured-image\">\n\t\t\t\t\t\t\t\t<a href=\"https:\/\/www.specialtours.nl\/delft\/avondprogramma\/culiniaire-wandeling-walking-dinner-delft-toer\/\" class=\"styled-image \" title=\"Permalink to Hap en Stap Tour Delft\" rel=\"bookmark\" data-lightbox=\"group-560\"><img loading=\"lazy\" decoding=\"async\" width=\"371\" height=\"215\" src=\"https:\/\/www.specialtours.nl\/delft\/wp-content\/uploads\/2012\/03\/walking-dinner-hap-stap-delft.jpg\" class=\"attachment-portfolio-thumb-masonry size-portfolio-thumb-masonry wp-post-image\" alt=\"\" srcset=\"https:\/\/www.specialtours.nl\/delft\/wp-content\/uploads\/2012\/03\/walking-dinner-hap-stap-delft.jpg 371w, https:\/\/www.specialtours.nl\/delft\/wp-content\/uploads\/2012\/03\/walking-dinner-hap-stap-delft-300x174.jpg 300w\" sizes=\"auto, (max-width: 371px) 100vw, 371px\" \/><div class=\"inner-overlay\"><\/div><\/a>\n\t\t\t\t\t\t\t<\/div>\n\t\t\t\t\t\t\t\n\t\t\t\t\t<\/header>\n\n\t\t\t\t\t<h2 class=\"entry-title\">\t<a href=\"https:\/\/www.specialtours.nl\/delft\/avondprogramma\/culiniaire-wandeling-walking-dinner-delft-toer\/\" title=\"Permalink to Hap en Stap Tour Delft\" rel=\"bookmark\">Hap en Stap Tour Delft<\/a><\/h2>\t\t\t\t\t<div class=\"entry-summary\">\n\t\t\t\t\t\t\n\t\t\t<div class=\"entry-content summary\">\n\t\t\t\t\t\t\t\t\t<p>De culinaire stadswandeling in Delft. Bekijk hier onze unieke walking dinner: drie verschillende gerechten, drie verschillende restaurants tijdens \u00e9\u00e9n bijzondere avondactiviteit! <\/p>\n\t\t\t\t\t\t\t\t<\/div><!-- .entry-summary -->\n\t\t\t\t\t\t<footer class=\"entry-footer entry-meta\">\n\t\t\t\t\t\t\t\t\t<p class=\"readmore\"><a href=\"https:\/\/www.specialtours.nl\/delft\/avondprogramma\/culiniaire-wandeling-walking-dinner-delft-toer\/\" class=\"btn small\">Lees verder<\/a><\/p>\n\t\t\t\t\t<div class=\"post-meta clearfix\"><div class=\"post-symbol\"><span class=\"entypo entypo-doc-text\"><\/span><\/div><span class=\"post-format-label\">Uitjes<span class=\"meta-sep\">&nbsp;<\/span><\/span><span class=\"author vcard author-meta\"><span class=\"meta-label\">By <\/span> &nbsp;<a class=\"url fn n\" href=\"https:\/\/www.specialtours.nl\/delft\/author\/admin\/\" title=\"View all posts by \" rel=\"author\"><\/a><span class=\"meta-sep\">&nbsp;<\/span><\/span><\/div>\t\t\t<\/footer><!-- .entry-meta -->\n\t\t\t\t\t\t\t\t<\/div><!-- .entry-summary -->\n\n\t\t\t\t<\/article><!-- #post -->\n\n\t\t\t\t\n\t\t\t\t<article id=\"post-7816\" class=\"portfolio-item isotope-item  post-7816 post type-post status-publish format-standard has-post-thumbnail hentry category-avondprogramma tag-homepagina\" style=\"\" data-style='{\"layout\": \"masonry\"}'>\n\n\t\t\t\t\t\t\t\t\t\t<header class=\"post-header\">\n\t\t\t\t\t\t\t\t\t\t\t\t\t<div class=\"featured-image\">\n\t\t\t\t\t\t\t\t<a href=\"https:\/\/www.specialtours.nl\/delft\/avondprogramma\/jongens-tegen-de-meisjes-spel-quiz-delft\/\" class=\"styled-image \" title=\"Permalink to Jongens tegen de Meisjes\" rel=\"bookmark\" data-lightbox=\"group-560\"><img loading=\"lazy\" decoding=\"async\" width=\"371\" height=\"215\" src=\"https:\/\/www.specialtours.nl\/delft\/wp-content\/uploads\/2017\/02\/Jongens-tegen-de-meisjes.jpg\" class=\"attachment-portfolio-thumb-masonry size-portfolio-thumb-masonry wp-post-image\" alt=\"\" srcset=\"https:\/\/www.specialtours.nl\/delft\/wp-content\/uploads\/2017\/02\/Jongens-tegen-de-meisjes.jpg 371w, https:\/\/www.specialtours.nl\/delft\/wp-content\/uploads\/2017\/02\/Jongens-tegen-de-meisjes-300x174.jpg 300w\" sizes=\"auto, (max-width: 371px) 100vw, 371px\" \/><div class=\"inner-overlay\"><\/div><\/a>\n\t\t\t\t\t\t\t<\/div>\n\t\t\t\t\t\t\t\n\t\t\t\t\t<\/header>\n\n\t\t\t\t\t<h2 class=\"entry-title\">\t<a href=\"https:\/\/www.specialtours.nl\/delft\/avondprogramma\/jongens-tegen-de-meisjes-spel-quiz-delft\/\" title=\"Permalink to Jongens tegen de Meisjes\" rel=\"bookmark\">Jongens tegen de Meisjes<\/a><\/h2>\t\t\t\t\t<div class=\"entry-summary\">\n\t\t\t\t\t\t\n\t\t\t<div class=\"entry-content summary\">\n\t\t\t\t\t\t\t\t\t<p>Op zoek naar een leuke teambuilding activiteit inclusief diner in Delft? Boek het Jongens tegen de Meisjes diner en strijd tegen elkaar aan tafel! Hier wordt nog lang over nagepraat.<\/p>\n\t\t\t\t\t\t\t\t<\/div><!-- .entry-summary -->\n\t\t\t\t\t\t<footer class=\"entry-footer entry-meta\">\n\t\t\t\t\t\t\t\t\t<p class=\"readmore\"><a href=\"https:\/\/www.specialtours.nl\/delft\/avondprogramma\/jongens-tegen-de-meisjes-spel-quiz-delft\/\" class=\"btn small\">Lees verder<\/a><\/p>\n\t\t\t\t\t<div class=\"post-meta clearfix\"><div class=\"post-symbol\"><span class=\"entypo entypo-doc-text\"><\/span><\/div><span class=\"post-format-label\">Uitjes<span class=\"meta-sep\">&nbsp;<\/span><\/span><span class=\"author vcard author-meta\"><span class=\"meta-label\">By <\/span> &nbsp;<a class=\"url fn n\" href=\"https:\/\/www.specialtours.nl\/delft\/author\/admin\/\" title=\"View all posts by \" rel=\"author\"><\/a><span class=\"meta-sep\">&nbsp;<\/span><\/span><\/div>\t\t\t<\/footer><!-- .entry-meta -->\n\t\t\t\t\t\t\t\t<\/div><!-- .entry-summary -->\n\n\t\t\t\t<\/article><!-- #post -->\n\n\t\t\t\t\n\t\t\t\t<article id=\"post-43\" class=\"portfolio-item isotope-item  post-43 post type-post status-publish format-standard has-post-thumbnail hentry category-avondprogramma category-vrijgezellenfeest-vrijgezellenuitje tag-homepagina\" style=\"\" data-style='{\"layout\": \"masonry\"}'>\n\n\t\t\t\t\t\t\t\t\t\t<header class=\"post-header\">\n\t\t\t\t\t\t\t\t\t\t\t\t\t<div class=\"featured-image\">\n\t\t\t\t\t\t\t\t<a href=\"https:\/\/www.specialtours.nl\/delft\/avondprogramma\/hou-van-holland-dinerspel-delft\/\" class=\"styled-image \" title=\"Permalink to Ik Hou van Holland Dinerspel\" rel=\"bookmark\" data-lightbox=\"group-560\"><img loading=\"lazy\" decoding=\"async\" width=\"371\" height=\"215\" src=\"https:\/\/www.specialtours.nl\/delft\/wp-content\/uploads\/2011\/05\/hou-van-holland-dinerspel-delft.jpg\" class=\"attachment-portfolio-thumb-masonry size-portfolio-thumb-masonry wp-post-image\" alt=\"\" srcset=\"https:\/\/www.specialtours.nl\/delft\/wp-content\/uploads\/2011\/05\/hou-van-holland-dinerspel-delft.jpg 371w, https:\/\/www.specialtours.nl\/delft\/wp-content\/uploads\/2011\/05\/hou-van-holland-dinerspel-delft-300x174.jpg 300w\" sizes=\"auto, (max-width: 371px) 100vw, 371px\" \/><div class=\"inner-overlay\"><\/div><\/a>\n\t\t\t\t\t\t\t<\/div>\n\t\t\t\t\t\t\t\n\t\t\t\t\t<\/header>\n\n\t\t\t\t\t<h2 class=\"entry-title\">\t<a href=\"https:\/\/www.specialtours.nl\/delft\/avondprogramma\/hou-van-holland-dinerspel-delft\/\" title=\"Permalink to Ik Hou van Holland Dinerspel\" rel=\"bookmark\">Ik Hou van Holland Dinerspel<\/a><\/h2>\t\t\t\t\t<div class=\"entry-summary\">\n\t\t\t\t\t\t\n\t\t\t<div class=\"entry-content summary\">\n\t\t\t\t\t\t\t\t\t<p>Het leukste dinerspel uit onze stal: Het Ik hou van Holland dinerspel in Delft! Een avond vol Hollandse gezelligheid, strijd en lekker eten. Ons best gewaardeerde avondprogramma. <\/p>\n\t\t\t\t\t\t\t\t<\/div><!-- .entry-summary -->\n\t\t\t\t\t\t<footer class=\"entry-footer entry-meta\">\n\t\t\t\t\t\t\t\t\t<p class=\"readmore\"><a href=\"https:\/\/www.specialtours.nl\/delft\/avondprogramma\/hou-van-holland-dinerspel-delft\/\" class=\"btn small\">Lees verder<\/a><\/p>\n\t\t\t\t\t<div class=\"post-meta clearfix\"><div class=\"post-symbol\"><span class=\"entypo entypo-doc-text\"><\/span><\/div><span class=\"post-format-label\">Uitjes<span class=\"meta-sep\">&nbsp;<\/span><\/span><span class=\"author vcard author-meta\"><span class=\"meta-label\">By <\/span> &nbsp;<a class=\"url fn n\" href=\"https:\/\/www.specialtours.nl\/delft\/author\/admin\/\" title=\"View all posts by \" rel=\"author\"><\/a><span class=\"meta-sep\">&nbsp;<\/span><\/span><\/div>\t\t\t<\/footer><!-- .entry-meta -->\n\t\t\t\t\t\t\t\t<\/div><!-- .entry-summary -->\n\n\t\t\t\t<\/article><!-- #post -->\n\n\t\t\t\t\n\t\t\t\t<article id=\"post-1\" class=\"portfolio-item isotope-item  post-1 post type-post status-publish format-standard has-post-thumbnail hentry category-avondprogramma category-spelprogramma tag-homepagina\" style=\"\" data-style='{\"layout\": \"masonry\"}'>\n\n\t\t\t\t\t\t\t\t\t\t<header class=\"post-header\">\n\t\t\t\t\t\t\t\t\t\t\t\t\t<div class=\"featured-image\">\n\t\t\t\t\t\t\t\t<a href=\"https:\/\/www.specialtours.nl\/delft\/avondprogramma\/moordspel-moorddiner-delft\/\" class=\"styled-image \" title=\"Permalink to Moorddiner Delft\" rel=\"bookmark\" data-lightbox=\"group-560\"><img loading=\"lazy\" decoding=\"async\" width=\"371\" height=\"215\" src=\"https:\/\/www.specialtours.nl\/delft\/wp-content\/uploads\/2011\/04\/moorddiner-delft-moordspeldiner-moorddinerspel.jpg\" class=\"attachment-portfolio-thumb-masonry size-portfolio-thumb-masonry wp-post-image\" alt=\"\" srcset=\"https:\/\/www.specialtours.nl\/delft\/wp-content\/uploads\/2011\/04\/moorddiner-delft-moordspeldiner-moorddinerspel.jpg 371w, https:\/\/www.specialtours.nl\/delft\/wp-content\/uploads\/2011\/04\/moorddiner-delft-moordspeldiner-moorddinerspel-300x174.jpg 300w\" sizes=\"auto, (max-width: 371px) 100vw, 371px\" \/><div class=\"inner-overlay\"><\/div><\/a>\n\t\t\t\t\t\t\t<\/div>\n\t\t\t\t\t\t\t\n\t\t\t\t\t<\/header>\n\n\t\t\t\t\t<h2 class=\"entry-title\">\t<a href=\"https:\/\/www.specialtours.nl\/delft\/avondprogramma\/moordspel-moorddiner-delft\/\" title=\"Permalink to Moorddiner Delft\" rel=\"bookmark\">Moorddiner Delft<\/a><\/h2>\t\t\t\t\t<div class=\"entry-summary\">\n\t\t\t\t\t\t\n\t\t\t<div class=\"entry-content summary\">\n\t\t\t\t\t\t\t\t\t<p>Welk team lukt het om de moord op te lossen tijdens ons moordspel in Delft. Het moordspeldiner: een hilarisch spelprogramma inclusief lekker 3 gangen diner en priv\u00e9 locatie. <\/p>\n\t\t\t\t\t\t\t\t<\/div><!-- .entry-summary -->\n\t\t\t\t\t\t<footer class=\"entry-footer entry-meta\">\n\t\t\t\t\t\t\t\t\t<p class=\"readmore\"><a href=\"https:\/\/www.specialtours.nl\/delft\/avondprogramma\/moordspel-moorddiner-delft\/\" class=\"btn small\">Lees verder<\/a><\/p>\n\t\t\t\t\t<div class=\"post-meta clearfix\"><div class=\"post-symbol\"><span class=\"entypo entypo-doc-text\"><\/span><\/div><span class=\"post-format-label\">Uitjes<span class=\"meta-sep\">&nbsp;<\/span><\/span><span class=\"author vcard author-meta\"><span class=\"meta-label\">By <\/span> &nbsp;<a class=\"url fn n\" href=\"https:\/\/www.specialtours.nl\/delft\/author\/admin\/\" title=\"View all posts by \" rel=\"author\"><\/a><span class=\"meta-sep\">&nbsp;<\/span><\/span><\/div>\t\t\t<\/footer><!-- .entry-meta -->\n\t\t\t\t\t\t\t\t<\/div><!-- .entry-summary -->\n\n\t\t\t\t<\/article><!-- #post -->\n\n\t\t\t\t\n\t\t\t\t<article id=\"post-7653\" class=\"portfolio-item isotope-item  post-7653 post type-post status-publish format-standard has-post-thumbnail hentry category-avondprogramma tag-homepagina\" style=\"\" data-style='{\"layout\": \"masonry\"}'>\n\n\t\t\t\t\t\t\t\t\t\t<header class=\"post-header\">\n\t\t\t\t\t\t\t\t\t\t\t\t\t<div class=\"featured-image\">\n\t\t\t\t\t\t\t\t<a href=\"https:\/\/www.specialtours.nl\/delft\/avondprogramma\/popquiz-delft-pubquiz-bedrijfsuitje-muziek\/\" class=\"styled-image \" title=\"Permalink to PopQuiz Dinerspel Delft\" rel=\"bookmark\" data-lightbox=\"group-560\"><img loading=\"lazy\" decoding=\"async\" width=\"371\" height=\"215\" src=\"https:\/\/www.specialtours.nl\/delft\/wp-content\/uploads\/2011\/01\/popquiz-delft-muziek-kwis-delft.jpg\" class=\"attachment-portfolio-thumb-masonry size-portfolio-thumb-masonry wp-post-image\" alt=\"\" srcset=\"https:\/\/www.specialtours.nl\/delft\/wp-content\/uploads\/2011\/01\/popquiz-delft-muziek-kwis-delft.jpg 371w, https:\/\/www.specialtours.nl\/delft\/wp-content\/uploads\/2011\/01\/popquiz-delft-muziek-kwis-delft-300x174.jpg 300w\" sizes=\"auto, (max-width: 371px) 100vw, 371px\" \/><div class=\"inner-overlay\"><\/div><\/a>\n\t\t\t\t\t\t\t<\/div>\n\t\t\t\t\t\t\t\n\t\t\t\t\t<\/header>\n\n\t\t\t\t\t<h2 class=\"entry-title\">\t<a href=\"https:\/\/www.specialtours.nl\/delft\/avondprogramma\/popquiz-delft-pubquiz-bedrijfsuitje-muziek\/\" title=\"Permalink to PopQuiz Dinerspel Delft\" rel=\"bookmark\">PopQuiz Dinerspel Delft<\/a><\/h2>\t\t\t\t\t<div class=\"entry-summary\">\n\t\t\t\t\t\t\n\t\t\t<div class=\"entry-content summary\">\n\t\t\t\t\t\t\t\t\t<p>Het ideale avondprogramma voor gemixte groepen: het PopQuiz Diner. Een avond uit in Delft met uw groep tijdens deze leuke muziekquiz! Inclusief 3 gangen diner en locatie. <\/p>\n\t\t\t\t\t\t\t\t<\/div><!-- .entry-summary -->\n\t\t\t\t\t\t<footer class=\"entry-footer entry-meta\">\n\t\t\t\t\t\t\t\t\t<p class=\"readmore\"><a href=\"https:\/\/www.specialtours.nl\/delft\/avondprogramma\/popquiz-delft-pubquiz-bedrijfsuitje-muziek\/\" class=\"btn small\">Lees verder<\/a><\/p>\n\t\t\t\t\t<div class=\"post-meta clearfix\"><div class=\"post-symbol\"><span class=\"entypo entypo-doc-text\"><\/span><\/div><span class=\"post-format-label\">Uitjes<span class=\"meta-sep\">&nbsp;<\/span><\/span><span class=\"author vcard author-meta\"><span class=\"meta-label\">By <\/span> &nbsp;<a class=\"url fn n\" href=\"https:\/\/www.specialtours.nl\/delft\/author\/admin\/\" title=\"View all posts by \" rel=\"author\"><\/a><span class=\"meta-sep\">&nbsp;<\/span><\/span><\/div>\t\t\t<\/footer><!-- .entry-meta -->\n\t\t\t\t\t\t\t\t<\/div><!-- .entry-summary -->\n\n\t\t\t\t<\/article><!-- #post -->\n\n\t\t\t\t<\/div><!-- .portfolio-wrapper .isotope -->\n\t<\/div><!-- .row-fluid -->\n\n\t<\/div><\/div><\/div><\/div><\/section><section class=\"vc_section_wrapper\"><div class=\"wpb_row  row-fluid \" ><div class=\"wpb_column vc_column_container vc_col-sm-12\"><div class=\"vc_column-inner\"><div class=\"wpb_wrapper\">\n\t<div class=\"wpb_text_column wpb_content_element  vc_custom_1445336492259\" >\n\t\t<div class=\"wpb_wrapper\">\n\t\t\t<h3>De leukste tips en idee\u00ebn voor uw\u00a0uitje in Delft, ook voor overdag!<\/h3>\n\n\t\t<\/div>\n\t<\/div>\n\n\t<div class=\"wpb_text_column wpb_content_element \" >\n\t\t<div class=\"wpb_wrapper\">\n\t\t\t<p>Naast onze dagarrangementen bieden wij ook avondarrangementen in Delft. Combineer bijvoorbeeld cultuur met lekker eten met ons Walking Dinner waarbij onze gids u de leukste verhalen zal vertellen en u vervolgens naar 3 verschillende restaurants begeleidt voor een overheerlijk 3-gangendiner. Bent u op zoek naar teambuilding voor uw bedrijfsfeestje, vrijgezellenfeestje of familiediner? Wij hebben veel verschillende mogelijkheden om entertainment zoals een quiz te combineren met een diner. Het kan ook als losse quiz geboekt worden wanneer u bijvoorbeeld zelf al een leuke locatie heeft geregeld. Laat ons uw wensen weten en wij zullen samen een mooi avondprogramma\u00a0samenstellen.<\/p>\n\n\t\t<\/div>\n\t<\/div>\n<\/div><\/div><\/div><\/div><\/section>\n","protected":false},"excerpt":{"rendered":"PopQuiz Dinerspel Delft \"Speel onze spetterende popquiz aan tafel tijdens het PopQuiz Dinerspel in Delft! Een strijd tussen teams: ideaal voor gemixte groepen\" PopQuiz Dinerspel Delft Overall rating: &#9734;&#9734;&#9734;&#9734;&#9734; 0 based on 0 reviews. 5 1 Anonymous .stars, .rr_star { color: #ffaf00; } Bent u op zoek naar een vrijgezellenfeest of bedrijfsuitje in Delft dat bijna letterlijk\u00a0als muziek in de oren klinkt? Boek dan onze PopQuiz in Delft! Nadat iedereen lekker is gaan zitten in dit sfeervolle Delftse restaurant beginnen wij met onze muziek\/pubquiz, vol verschillende muziekspellen en vragen. Uw zult verbaasd zijn over de reacties van uw gezelschap, want elk nummer roept weer bijzondere herinneringen op! Tijdens dit hilarische en 3,5 uur durende dinerspel in hartje Delft geniet u van een heerlijk 3 gangen keuze menu en speelt u tussen de verschillende dinergangen onze leuke themarondes met uw collega\u2019s, vrienden of familie. Uiteraard zorgen wij voor een leuke priv\u00e9ruimte in hartje centrum en \u00e9\u00e9n (of meerdere)\u00a0van onze enthousiaste presentatiekanonnen! Een nostalgisch avondje, vol gezelligheid zoals wij dit kennen van de Popquiz a go go op TV! Ideaal voor gemixte gezelschappen! Offerte Reserveer \u00a050,00 p.p. (inclusief BTW) Vanaf 10 personen te boeken 3\u00a0uur Boek dit dinerspel op\u00a0uw gewenste dag en tijdstip! \u00a0 Inclusief professionele Specialtours quizhost(s) 3 gangen diner leuke en originele quizrondes prive locatie (besloten) Speciale dieetwensen in uw groep? Laat het ons vooraf weten! Grote groep? Grote korting! Advies nodig?Bel 020 770 89 53 of mail ons! \"Het popquiz diner is het leukste uitje voor gemixte groepen! Speel [...]","protected":false},"author":1,"featured_media":0,"parent":0,"menu_order":0,"comment_status":"closed","ping_status":"closed","template":"","meta":{"footnotes":""},"class_list":["post-7742","page","type-page","status-publish","hentry"],"aioseo_notices":[],"_links":{"self":[{"href":"https:\/\/www.specialtours.nl\/delft\/wp-json\/wp\/v2\/pages\/7742","targetHints":{"allow":["GET"]}}],"collection":[{"href":"https:\/\/www.specialtours.nl\/delft\/wp-json\/wp\/v2\/pages"}],"about":[{"href":"https:\/\/www.specialtours.nl\/delft\/wp-json\/wp\/v2\/types\/page"}],"author":[{"embeddable":true,"href":"https:\/\/www.specialtours.nl\/delft\/wp-json\/wp\/v2\/users\/1"}],"replies":[{"embeddable":true,"href":"https:\/\/www.specialtours.nl\/delft\/wp-json\/wp\/v2\/comments?post=7742"}],"version-history":[{"count":3,"href":"https:\/\/www.specialtours.nl\/delft\/wp-json\/wp\/v2\/pages\/7742\/revisions"}],"predecessor-version":[{"id":7751,"href":"https:\/\/www.specialtours.nl\/delft\/wp-json\/wp\/v2\/pages\/7742\/revisions\/7751"}],"wp:attachment":[{"href":"https:\/\/www.specialtours.nl\/delft\/wp-json\/wp\/v2\/media?parent=7742"}],"curies":[{"name":"wp","href":"https:\/\/api.w.org\/{rel}","templated":true}]}}