{"id":8024,"date":"2015-10-19T09:37:55","date_gmt":"2015-10-19T07:37:55","guid":{"rendered":"http:\/\/specialtours\/alkmaar\/?page_id=8024"},"modified":"2016-11-15T16:23:43","modified_gmt":"2016-11-15T14:23:43","slug":"avondarrangement-groepsactiviteiten","status":"publish","type":"page","link":"https:\/\/www.specialtours.nl\/amersfoort\/avondarrangement-groepsactiviteiten\/","title":{"rendered":"Avondarrangement Amersfoort"},"content":{"rendered":"<section class=\"vc_section_wrapper\"><div class=\"wpb_row  vc_custom_1445241393672 row-fluid \"style=\"margin-top: 0px ;\" ><div class=\"wpb_column vc_column_container vc_col-sm-12\"><div class=\"vc_column-inner vc_custom_1445240271467\"><div class=\"wpb_wrapper\">\n\t<div class=\"wpb_text_column wpb_content_element  vc_custom_1479216027893\" >\n\t\t<div class=\"wpb_wrapper\">\n\t\t\t<h1>Avondarrangement Amersfoort<\/h1>\n\n\t\t<\/div>\n\t<\/div>\n\n\t<div class=\"wpb_text_column wpb_content_element  vc_custom_1479216521592\" >\n\t\t<div class=\"wpb_wrapper\">\n\t\t\t<h3 style=\"text-align: left;\"><span style=\"color: #808080;\">&#8220;Op zoek naar leuke groepsactiviteiten in de avond? Bekijk dan onze avondarrangementen in Amersfoort voor een leuke avondje uit met uw groep!&#8221;<\/span><\/h3>\n\n\t\t<\/div>\n\t<\/div>\n\n\t<div class=\"wpb_text_column wpb_content_element \" >\n\t\t<div class=\"wpb_wrapper\">\n\t\t\t<p>Amersfoort is een gezellige stad waar rondom de diverse pleinen gezellige terrassen, restaurantjes en cafeetjes liggen. Met een van onze avondarrangementen kunt u genieten van een 3-gangen keuzemenu in combinatie met entertainment dat op uw wensen aansluit..<\/p>\n\n\t\t<\/div>\n\t<\/div>\n<\/div><\/div><\/div><\/div><\/section><section class=\"vc_section_wrapper\"><div class=\"wpb_row  row-fluid \" ><div class=\"wpb_column vc_column_container vc_col-sm-12\"><div class=\"vc_column-inner\"><div class=\"wpb_wrapper\">\n\t\n\t<div class=\"row-fluid portfolio-columns-3 posts-grid \" style=\"clear: both;\">\n\n\t\t\t\t\t<div class=\"portfolio-wrapper isotope no-transition\">\n\t\t\t\n\t\t\t\n\t\t\t\t<article id=\"post-7569\" class=\"portfolio-item isotope-item  post-7569 post type-post status-publish format-standard has-post-thumbnail hentry category-avondprogramma category-spelprogramma category-vrijgezellenuitje-vrijgezellenfeest tag-homepagina\" style=\"\" data-style='{\"layout\": \"masonry\"}'>\n\n\t\t\t\t\t\t\t\t\t\t<header class=\"post-header\">\n\t\t\t\t\t\t\t\t\t\t\t\t\t<div class=\"featured-image\">\n\t\t\t\t\t\t\t\t<a href=\"https:\/\/www.specialtours.nl\/amersfoort\/avondprogramma\/ik-hou-van-holland-dinerspel-amersfoort-quiz\/\" class=\"styled-image \" title=\"Permalink to Ik Hou van Holland Dinerspel\" rel=\"bookmark\" data-lightbox=\"group-137\"><img loading=\"lazy\" decoding=\"async\" width=\"371\" height=\"215\" src=\"https:\/\/www.specialtours.nl\/amersfoort\/wp-content\/uploads\/2010\/12\/ik-hou-van-holland-dinerspel-alkmaar-quiz.jpg\" class=\"attachment-portfolio-thumb-masonry size-portfolio-thumb-masonry wp-post-image\" alt=\"\" srcset=\"https:\/\/www.specialtours.nl\/amersfoort\/wp-content\/uploads\/2010\/12\/ik-hou-van-holland-dinerspel-alkmaar-quiz.jpg 371w, https:\/\/www.specialtours.nl\/amersfoort\/wp-content\/uploads\/2010\/12\/ik-hou-van-holland-dinerspel-alkmaar-quiz-300x174.jpg 300w\" sizes=\"auto, (max-width: 371px) 100vw, 371px\" \/><div class=\"inner-overlay\"><\/div><\/a>\n\t\t\t\t\t\t\t<\/div>\n\t\t\t\t\t\t\t\n\t\t\t\t\t<\/header>\n\n\t\t\t\t\t<h2 class=\"entry-title\">\t<a href=\"https:\/\/www.specialtours.nl\/amersfoort\/avondprogramma\/ik-hou-van-holland-dinerspel-amersfoort-quiz\/\" title=\"Permalink to Ik Hou van Holland Dinerspel\" rel=\"bookmark\">Ik Hou van Holland Dinerspel<\/a><\/h2>\t\t\t\t\t<div class=\"entry-summary\">\n\t\t\t\t\t\t\n\t\t\t<div class=\"entry-content summary\">\n\t\t\t\t\t\t\t\t\t<p>Ons meest geboekte dinerspel in Amersfoort. Een op en top Hollands uitje vol leuke activiteiten, quiz, decoratie, 3 gangen diner en competitie! Hele leuke avondactiviteit.<\/p>\n\t\t\t\t\t\t\t\t<\/div><!-- .entry-summary -->\n\t\t\t\t\t\t<footer class=\"entry-footer entry-meta\">\n\t\t\t\t\t\t\t\t\t<p class=\"readmore\"><a href=\"https:\/\/www.specialtours.nl\/amersfoort\/avondprogramma\/ik-hou-van-holland-dinerspel-amersfoort-quiz\/\" class=\"btn small\">Bekijk<\/a><\/p>\n\t\t\t\t\t<div class=\"post-meta clearfix\"><div class=\"post-symbol\"><span class=\"entypo entypo-doc-text\"><\/span><\/div><span class=\"post-format-label\">Uitjes<span class=\"meta-sep\">&nbsp;<\/span><\/span><span class=\"author vcard author-meta\"><span class=\"meta-label\">By <\/span> &nbsp;<a class=\"url fn n\" href=\"https:\/\/www.specialtours.nl\/amersfoort\/author\/admin\/\" title=\"View all posts by \" rel=\"author\"><\/a><span class=\"meta-sep\">&nbsp;<\/span><\/span><\/div>\t\t\t<\/footer><!-- .entry-meta -->\n\t\t\t\t\t\t\t\t<\/div><!-- .entry-summary -->\n\n\t\t\t\t<\/article><!-- #post -->\n\n\t\t\t\t\n\t\t\t\t<article id=\"post-7570\" class=\"portfolio-item isotope-item  post-7570 post type-post status-publish format-standard has-post-thumbnail hentry category-avondprogramma category-spelprogramma tag-homepagina\" style=\"\" data-style='{\"layout\": \"masonry\"}'>\n\n\t\t\t\t\t\t\t\t\t\t<header class=\"post-header\">\n\t\t\t\t\t\t\t\t\t\t\t\t\t<div class=\"featured-image\">\n\t\t\t\t\t\t\t\t<a href=\"https:\/\/www.specialtours.nl\/amersfoort\/spelprogramma\/moorddiner-amersfoort-moordspel\/\" class=\"styled-image \" title=\"Permalink to Moorddiner Amersfoort\" rel=\"bookmark\" data-lightbox=\"group-137\"><img loading=\"lazy\" decoding=\"async\" width=\"371\" height=\"215\" src=\"https:\/\/www.specialtours.nl\/amersfoort\/wp-content\/uploads\/2010\/12\/moordspeldiner-alkmaar-moorddiner-specialtours-dinerspel.jpg\" class=\"attachment-portfolio-thumb-masonry size-portfolio-thumb-masonry wp-post-image\" alt=\"\" srcset=\"https:\/\/www.specialtours.nl\/amersfoort\/wp-content\/uploads\/2010\/12\/moordspeldiner-alkmaar-moorddiner-specialtours-dinerspel.jpg 371w, https:\/\/www.specialtours.nl\/amersfoort\/wp-content\/uploads\/2010\/12\/moordspeldiner-alkmaar-moorddiner-specialtours-dinerspel-300x174.jpg 300w\" sizes=\"auto, (max-width: 371px) 100vw, 371px\" \/><div class=\"inner-overlay\"><\/div><\/a>\n\t\t\t\t\t\t\t<\/div>\n\t\t\t\t\t\t\t\n\t\t\t\t\t<\/header>\n\n\t\t\t\t\t<h2 class=\"entry-title\">\t<a href=\"https:\/\/www.specialtours.nl\/amersfoort\/spelprogramma\/moorddiner-amersfoort-moordspel\/\" title=\"Permalink to Moorddiner Amersfoort\" rel=\"bookmark\">Moorddiner Amersfoort<\/a><\/h2>\t\t\t\t\t<div class=\"entry-summary\">\n\t\t\t\t\t\t\n\t\t\t<div class=\"entry-content summary\">\n\t\t\t\t\t\t\t\t\t<p>Los een moord op tijdens ons hilarische moordspel aan tafel. Een moordavond pur sang! Wie is de dader? We komen er achter tijdens ons moordspeldiner!<\/p>\n\t\t\t\t\t\t\t\t<\/div><!-- .entry-summary -->\n\t\t\t\t\t\t<footer class=\"entry-footer entry-meta\">\n\t\t\t\t\t\t\t\t\t<p class=\"readmore\"><a href=\"https:\/\/www.specialtours.nl\/amersfoort\/spelprogramma\/moorddiner-amersfoort-moordspel\/\" class=\"btn small\">Bekijk<\/a><\/p>\n\t\t\t\t\t<div class=\"post-meta clearfix\"><div class=\"post-symbol\"><span class=\"entypo entypo-doc-text\"><\/span><\/div><span class=\"post-format-label\">Uitjes<span class=\"meta-sep\">&nbsp;<\/span><\/span><span class=\"author vcard author-meta\"><span class=\"meta-label\">By <\/span> &nbsp;<a class=\"url fn n\" href=\"https:\/\/www.specialtours.nl\/amersfoort\/author\/admin\/\" title=\"View all posts by \" rel=\"author\"><\/a><span class=\"meta-sep\">&nbsp;<\/span><\/span><\/div>\t\t\t<\/footer><!-- .entry-meta -->\n\t\t\t\t\t\t\t\t<\/div><!-- .entry-summary -->\n\n\t\t\t\t<\/article><!-- #post -->\n\n\t\t\t\t\n\t\t\t\t<article id=\"post-66\" class=\"portfolio-item isotope-item  post-66 post type-post status-publish format-standard has-post-thumbnail hentry category-avondprogramma category-rondleiding-tour-stadswandeling tag-homepagina\" style=\"\" data-style='{\"layout\": \"masonry\"}'>\n\n\t\t\t\t\t\t\t\t\t\t<header class=\"post-header\">\n\t\t\t\t\t\t\t\t\t\t\t\t\t<div class=\"featured-image\">\n\t\t\t\t\t\t\t\t<a href=\"https:\/\/www.specialtours.nl\/amersfoort\/avondprogramma\/culinaire-stadswandeling-walking-dinner-amersfoort\/\" class=\"styled-image \" title=\"Permalink to Hap en Stap Tour Amersfoort\" rel=\"bookmark\" data-lightbox=\"group-137\"><img loading=\"lazy\" decoding=\"async\" width=\"371\" height=\"215\" src=\"https:\/\/www.specialtours.nl\/amersfoort\/wp-content\/uploads\/2010\/12\/walking-dinner-hap-stap-amersfoort.jpg\" class=\"attachment-portfolio-thumb-masonry size-portfolio-thumb-masonry wp-post-image\" alt=\"\" srcset=\"https:\/\/www.specialtours.nl\/amersfoort\/wp-content\/uploads\/2010\/12\/walking-dinner-hap-stap-amersfoort.jpg 371w, https:\/\/www.specialtours.nl\/amersfoort\/wp-content\/uploads\/2010\/12\/walking-dinner-hap-stap-amersfoort-300x174.jpg 300w\" sizes=\"auto, (max-width: 371px) 100vw, 371px\" \/><div class=\"inner-overlay\"><\/div><\/a>\n\t\t\t\t\t\t\t<\/div>\n\t\t\t\t\t\t\t\n\t\t\t\t\t<\/header>\n\n\t\t\t\t\t<h2 class=\"entry-title\">\t<a href=\"https:\/\/www.specialtours.nl\/amersfoort\/avondprogramma\/culinaire-stadswandeling-walking-dinner-amersfoort\/\" title=\"Permalink to Hap en Stap Tour Amersfoort\" rel=\"bookmark\">Hap en Stap Tour Amersfoort<\/a><\/h2>\t\t\t\t\t<div class=\"entry-summary\">\n\t\t\t\t\t\t\n\t\t\t<div class=\"entry-content summary\">\n\t\t\t\t\t\t\t\t\t<p>De culinaire stadswandeling van Amersfoort. Ga met ons happen en stappen tijdens de hap en stap tour: 3 restaurants, 3 verschillende gangen tijdens een unieke walking dinner!<\/p>\n\t\t\t\t\t\t\t\t<\/div><!-- .entry-summary -->\n\t\t\t\t\t\t<footer class=\"entry-footer entry-meta\">\n\t\t\t\t\t\t\t\t\t<p class=\"readmore\"><a href=\"https:\/\/www.specialtours.nl\/amersfoort\/avondprogramma\/culinaire-stadswandeling-walking-dinner-amersfoort\/\" class=\"btn small\">Bekijk<\/a><\/p>\n\t\t\t\t\t<div class=\"post-meta clearfix\"><div class=\"post-symbol\"><span class=\"entypo entypo-doc-text\"><\/span><\/div><span class=\"post-format-label\">Uitjes<span class=\"meta-sep\">&nbsp;<\/span><\/span><span class=\"author vcard author-meta\"><span class=\"meta-label\">By <\/span> &nbsp;<a class=\"url fn n\" href=\"https:\/\/www.specialtours.nl\/amersfoort\/author\/admin\/\" title=\"View all posts by \" rel=\"author\"><\/a><span class=\"meta-sep\">&nbsp;<\/span><\/span><\/div>\t\t\t<\/footer><!-- .entry-meta -->\n\t\t\t\t\t\t\t\t<\/div><!-- .entry-summary -->\n\n\t\t\t\t<\/article><!-- #post -->\n\n\t\t\t\t\n\t\t\t\t<article id=\"post-41\" class=\"portfolio-item isotope-item  post-41 post type-post status-publish format-standard has-post-thumbnail hentry category-avondprogramma category-spelprogramma tag-homepagina\" style=\"\" data-style='{\"layout\": \"masonry\"}'>\n\n\t\t\t\t\t\t\t\t\t\t<header class=\"post-header\">\n\t\t\t\t\t\t\t\t\t\t\t\t\t<div class=\"featured-image\">\n\t\t\t\t\t\t\t\t<a href=\"https:\/\/www.specialtours.nl\/amersfoort\/avondprogramma\/popquiz-amersfoort-muziek-bedrijfsfeest\/\" class=\"styled-image \" title=\"Permalink to PopQuiz Diner Amersfoort\" rel=\"bookmark\" data-lightbox=\"group-137\"><img loading=\"lazy\" decoding=\"async\" width=\"371\" height=\"215\" src=\"https:\/\/www.specialtours.nl\/amersfoort\/wp-content\/uploads\/2011\/04\/popquiz-front.jpg\" class=\"attachment-portfolio-thumb-masonry size-portfolio-thumb-masonry wp-post-image\" alt=\"\" srcset=\"https:\/\/www.specialtours.nl\/amersfoort\/wp-content\/uploads\/2011\/04\/popquiz-front.jpg 371w, https:\/\/www.specialtours.nl\/amersfoort\/wp-content\/uploads\/2011\/04\/popquiz-front-300x174.jpg 300w\" sizes=\"auto, (max-width: 371px) 100vw, 371px\" \/><div class=\"inner-overlay\"><\/div><\/a>\n\t\t\t\t\t\t\t<\/div>\n\t\t\t\t\t\t\t\n\t\t\t\t\t<\/header>\n\n\t\t\t\t\t<h2 class=\"entry-title\">\t<a href=\"https:\/\/www.specialtours.nl\/amersfoort\/avondprogramma\/popquiz-amersfoort-muziek-bedrijfsfeest\/\" title=\"Permalink to PopQuiz Diner Amersfoort\" rel=\"bookmark\">PopQuiz Diner Amersfoort<\/a><\/h2>\t\t\t\t\t<div class=\"entry-summary\">\n\t\t\t\t\t\t\n\t\t\t<div class=\"entry-content summary\">\n\t\t\t\t\t\t\t\t\t<p>De leukste muziekquiz met diner, alleen voor uw eigen groep! Welkom bij het PopQuiz Diner: het dinerspel ideaal voor gem\u00ealeerde groepen! Onder leiding van onze quizmaster(s).<\/p>\n\t\t\t\t\t\t\t\t<\/div><!-- .entry-summary -->\n\t\t\t\t\t\t<footer class=\"entry-footer entry-meta\">\n\t\t\t\t\t\t\t\t\t<p class=\"readmore\"><a href=\"https:\/\/www.specialtours.nl\/amersfoort\/avondprogramma\/popquiz-amersfoort-muziek-bedrijfsfeest\/\" class=\"btn small\">Bekijk<\/a><\/p>\n\t\t\t\t\t<div class=\"post-meta clearfix\"><div class=\"post-symbol\"><span class=\"entypo entypo-doc-text\"><\/span><\/div><span class=\"post-format-label\">Uitjes<span class=\"meta-sep\">&nbsp;<\/span><\/span><span class=\"author vcard author-meta\"><span class=\"meta-label\">By <\/span> &nbsp;<a class=\"url fn n\" href=\"https:\/\/www.specialtours.nl\/amersfoort\/author\/admin\/\" title=\"View all posts by \" rel=\"author\"><\/a><span class=\"meta-sep\">&nbsp;<\/span><\/span><\/div>\t\t\t<\/footer><!-- .entry-meta -->\n\t\t\t\t\t\t\t\t<\/div><!-- .entry-summary -->\n\n\t\t\t\t<\/article><!-- #post -->\n\n\t\t\t\t<\/div><!-- .portfolio-wrapper .isotope -->\n\t<\/div><!-- .row-fluid -->\n\n\t<\/div><\/div><\/div><\/div><\/section><section class=\"vc_section_wrapper\"><div class=\"wpb_row  row-fluid \" ><div class=\"wpb_column vc_column_container vc_col-sm-12\"><div class=\"vc_column-inner\"><div class=\"wpb_wrapper\">\n\t<div class=\"wpb_text_column wpb_content_element \" >\n\t\t<div class=\"wpb_wrapper\">\n\t\t\t<p><\/p>\n\n\t\t<\/div>\n\t<\/div>\n<\/div><\/div><\/div><\/div><\/section><section class=\"vc_section_wrapper\"><div class=\"wpb_row  row-fluid \" ><div class=\"wpb_column vc_column_container vc_col-sm-12\"><div class=\"vc_column-inner\"><div class=\"wpb_wrapper\">\n\t<div class=\"wpb_text_column wpb_content_element  vc_custom_1479216270146\" >\n\t\t<div class=\"wpb_wrapper\">\n\t\t\t<h3>De leukste tips en idee\u00ebn voor uw personeelsuitje, vrijgezellenuitje of familie &amp; vriendenuitje!<\/h3>\n\n\t\t<\/div>\n\t<\/div>\n\n\t<div class=\"wpb_text_column wpb_content_element \" >\n\t\t<div class=\"wpb_wrapper\">\n\t\t\t<p>Wij bieden verschillende themadiners aan zoals het Ik Hou van Holland Diner, moordspeldiner, popquiz diner en nog veel meer. Mocht u meer van de stad Amersfoort willen zien en horen maar tegelijkertijd ook een heerlijke hapje eten? Dan past ons Walking Dinner in Amersfoort perfect bij uw gezelschap.\u00a0Bent u meer in voor lol, gekkigheid en hilariteit? Kijk dan eens naar ons Crazy 88 Dinner Game. Maar ook een teambuildingsspel zoals Wie is de Rat by night\u00a0behoort tot de vele mogelijkheden die wij te bieden hebben. Neem gerust contact met ons op voor meer informatie of om een maatwerkprogramma voor u op te stellen, onze medewerkers helpen u graag verder!<\/p>\n\n\t\t<\/div>\n\t<\/div>\n<\/div><\/div><\/div><\/div><\/section>\n","protected":false},"excerpt":{"rendered":"PopQuiz Diner Amersfoort \u201cDe leukste dinerspel quiz die als muziek in de oren klinkt. Speel in teams tegen elkaar tijdens een gezellig \u2018o ja! die!\u2019 avondje\u201d PopQuiz Diner Amersfoort Overall rating: &#9734;&#9734;&#9734;&#9734;&#9734; 0 based on 0 reviews. 5 1 Anonymous U zoekt een uitje in Amersfoort dat als muziek in de oren klinkt? Wij hebben de perfecte formule voor een gezellige avond uit met uw collega\u2019s, vrienden of familie! Welkom bij onze PopQuiz in Amersfoort! Ons popquiz dinerspel zal plaatsvinden in \u00e9\u00e9n van de leukste en gezelligste restaurants van Amersfoort. Uiteraard hebben wij hier een priv\u00e9\u00a0gedeelte voor u gereserveerd. Onze quizmasters zullen\u00a0vervolgens een spetterende muziekquiz verzorgen \u00e0 la de Popquiz a go go van TV. Een nostalgisch avondje, vol gezelligheid, verschillende en hilarische rondes\u00a0en lekker eten! Deze rondes zullen tussen de verschillende dinergangen door worden gespeeld. Ideaal voor gemixte groepen en altijd zeer goed gewaardeerd. Offerte Reserveer \u00a050,00 p.p. (inclusief BTW) Vanaf 12\u00a0personen te boeken 3 uur Boek onze muziekquiz in Amersfoort op\u00a0uw gewenste dag en tijdstip \u00a0 Inclusief professionele &amp; gezellige Specialtours begeleiding spelmaterialen priv\u00e9locatie in restaurant (besloten) compleet 3 gangen diner prijs voor de winnaars leuke en afwisselende rondes garantie op een gezellige teambuildingactiviteit Speciale dieetwensen in de groep? Geef deze vooraf aan ons door! Uiteraard ontvangt het team met de beste oren een prijs! Onze popquiz is ook los te boeken als middag- of avondquiz Advies nodig?Bel 020 770 89 53 of mail ons! \"Het popquiz diner: strijd aan tafel in teams! Het ideale dinerspel voor een [...]","protected":false},"author":1,"featured_media":0,"parent":0,"menu_order":0,"comment_status":"closed","ping_status":"closed","template":"","meta":{"footnotes":""},"class_list":["post-8024","page","type-page","status-publish","hentry"],"aioseo_notices":[],"_links":{"self":[{"href":"https:\/\/www.specialtours.nl\/amersfoort\/wp-json\/wp\/v2\/pages\/8024","targetHints":{"allow":["GET"]}}],"collection":[{"href":"https:\/\/www.specialtours.nl\/amersfoort\/wp-json\/wp\/v2\/pages"}],"about":[{"href":"https:\/\/www.specialtours.nl\/amersfoort\/wp-json\/wp\/v2\/types\/page"}],"author":[{"embeddable":true,"href":"https:\/\/www.specialtours.nl\/amersfoort\/wp-json\/wp\/v2\/users\/1"}],"replies":[{"embeddable":true,"href":"https:\/\/www.specialtours.nl\/amersfoort\/wp-json\/wp\/v2\/comments?post=8024"}],"version-history":[{"count":91,"href":"https:\/\/www.specialtours.nl\/amersfoort\/wp-json\/wp\/v2\/pages\/8024\/revisions"}],"predecessor-version":[{"id":8201,"href":"https:\/\/www.specialtours.nl\/amersfoort\/wp-json\/wp\/v2\/pages\/8024\/revisions\/8201"}],"wp:attachment":[{"href":"https:\/\/www.specialtours.nl\/amersfoort\/wp-json\/wp\/v2\/media?parent=8024"}],"curies":[{"name":"wp","href":"https:\/\/api.w.org\/{rel}","templated":true}]}}